{"id":4668,"date":"2020-12-27T00:25:28","date_gmt":"2020-12-27T00:25:28","guid":{"rendered":"http:\/\/mariaherreraoficial.com\/?post_type=product&#038;p=4668"},"modified":"2026-02-28T09:53:42","modified_gmt":"2026-02-28T09:53:42","slug":"pack-relojes-fludo-chrono-edicion-mh6-y-fludo-colors-15-edicion-mh6","status":"publish","type":"product","link":"http:\/\/mariaherreraoficial.com\/en\/product\/pack-relojes-fludo-chrono-edicion-mh6-y-fludo-colors-15-edicion-mh6","title":{"rendered":"Pack Relojes Fludo Chrono y Fludo Colors 15 Edici\u00f3n MH6"},"content":{"rendered":"<p><strong>Pack Relojes Fludo Chrono Edici\u00f3n MH6 y Fludo Colors 15 Edici\u00f3n MH6<\/strong><\/p>\n<p><em><strong>Reloj Fludo Chrono Edici\u00f3n MH6 en color negro\/gris con manecillas en colores blanco y rojo.<\/strong><\/em><\/p>\n<p>Fabricado en Suiza<\/p>\n<p>Garant\u00eda de 2 a\u00f1os<\/p>\n<p>Materiales:<\/p>\n<ul>\n<li>Caja: Aluminio<\/li>\n<li>Correa: Silicona<\/li>\n<li>Hebilla: Acero inoxidable<\/li>\n<\/ul>\n<p>Funci\u00f3n cron\u00f3metro<\/p>\n<p>Movimiento: Cuarzo ETA G10.212<\/p>\n<p>Medidas de la caja: Redondo 42mm<\/p>\n<p>Resistente al agua hasta una presi\u00f3n de 3 bar<\/p>\n<p>Color: negro\/gris<\/p>\n<p>Parte trasera\u00a0 en color rojo con el logo MH6 grabado en relieve.<\/p>\n<p>&nbsp;<\/p>\n<p><strong><em>Reloj Fludo Colors 15 Edici\u00f3n MH6 en color rosa con manecillas en colores blanco y negro.<\/em><\/strong><\/p>\n<p>F\u00e1bricado en Suiza<\/p>\n<p>Garant\u00eda de 2 a\u00f1os<\/p>\n<p>Materiales:<\/p>\n<ul>\n<li>Caja: Aluminio<\/li>\n<li>Correa: Silicona<\/li>\n<li>Hebilla: Acero inoxidable<\/li>\n<\/ul>\n<p>Movimiento: Cuarzo ETA802.102<\/p>\n<p>Medidas de la caja: Redondo 42mm<\/p>\n<p>Resistente al agua hasta una presi\u00f3n de 3 bar<\/p>\n<p>Color: rosa<\/p>\n<p>Parte trasera\u00a0 en color rosa con el logo MH6 grabado en relieve.<\/p>\n<p>&nbsp;<\/p>\n<p>&nbsp;<\/p>","protected":false},"excerpt":{"rendered":"<p><strong>Pack Relojes Fludo Chrono Edici\u00f3n MH6 y Fludo Colors 15 Edici\u00f3n MH6<\/strong><\/p>\n<p><strong><em>Reloj Fludo Chrono Edici\u00f3n MH6 en color negro\/gris con manecillas en colores blanco y rojo.<\/em><\/strong><\/p>\n<p>Fabricado en Suiza<\/p>\n<p>Garant\u00eda de 2 a\u00f1os<\/p>\n<p>Materiales:<\/p>\n<ul>\n<li>Caja: Aluminio<\/li>\n<li>Correa: Silicona<\/li>\n<li>Hebilla: Acero inoxidable<\/li>\n<\/ul>\n<p>Funci\u00f3n cron\u00f3metro<\/p>\n<p>Movimiento: Cuarzo ETA G10.212<\/p>\n<p>Medidas de la caja: Redondo 42mm<\/p>\n<p>Resistente al agua hasta una presi\u00f3n de 3 bar<\/p>\n<p>Color: negro\/gris<\/p>\n<p>Parte trasera\u00a0 en color rojo con el logo MH6 grabado en relieve.<\/p>\n<p>&nbsp;<\/p>\n<p><strong><em>Reloj Fludo Colors 15 Edici\u00f3n MH6 en color rosa con manecillas en colores blanco y negro.<\/em><\/strong><\/p>\n<p>F\u00e1bricado en Suiza<\/p>\n<p>Garant\u00eda de 2 a\u00f1os<\/p>\n<p>Materiales:<\/p>\n<ul>\n<li>Caja: Aluminio<\/li>\n<li>Correa: Silicona<\/li>\n<li>Hebilla: Acero inoxidable<\/li>\n<\/ul>\n<p>Movimiento: Cuarzo ETA802.102<\/p>\n<p>Medidas de la caja: Redondo 42mm<\/p>\n<p>Resistente al agua hasta una presi\u00f3n de 3 bar<\/p>\n<p>Color: rosa<\/p>\n<p>Parte trasera\u00a0 en color rosa con el logo MH6 grabado en relieve.<\/p>\n<p>&nbsp;<\/p>","protected":false},"featured_media":4717,"comment_status":"open","ping_status":"closed","template":"","meta":{"jetpack_post_was_ever_published":false,"jetpack_publicize_message":"","jetpack_publicize_feature_enabled":true,"jetpack_social_post_already_shared":true,"jetpack_social_options":{"image_generator_settings":{"template":"highway","enabled":false},"version":2}},"product_cat":[45],"product_tag":[],"giftcard-category":[],"class_list":{"0":"post-4668","1":"product","2":"type-product","3":"status-publish","4":"has-post-thumbnail","6":"product_cat-relojes","7":"entry","9":"first","10":"instock","11":"sale","12":"shipping-taxable","13":"purchasable","14":"product-type-simple"},"jetpack_publicize_connections":[],"jetpack_sharing_enabled":true,"_links":{"self":[{"href":"http:\/\/mariaherreraoficial.com\/en\/wp-json\/wp\/v2\/product\/4668","targetHints":{"allow":["GET"]}}],"collection":[{"href":"http:\/\/mariaherreraoficial.com\/en\/wp-json\/wp\/v2\/product"}],"about":[{"href":"http:\/\/mariaherreraoficial.com\/en\/wp-json\/wp\/v2\/types\/product"}],"replies":[{"embeddable":true,"href":"http:\/\/mariaherreraoficial.com\/en\/wp-json\/wp\/v2\/comments?post=4668"}],"wp:featuredmedia":[{"embeddable":true,"href":"http:\/\/mariaherreraoficial.com\/en\/wp-json\/wp\/v2\/media\/4717"}],"wp:attachment":[{"href":"http:\/\/mariaherreraoficial.com\/en\/wp-json\/wp\/v2\/media?parent=4668"}],"wp:term":[{"taxonomy":"product_cat","embeddable":true,"href":"http:\/\/mariaherreraoficial.com\/en\/wp-json\/wp\/v2\/product_cat?post=4668"},{"taxonomy":"product_tag","embeddable":true,"href":"http:\/\/mariaherreraoficial.com\/en\/wp-json\/wp\/v2\/product_tag?post=4668"},{"taxonomy":"giftcard-category","embeddable":true,"href":"http:\/\/mariaherreraoficial.com\/en\/wp-json\/wp\/v2\/giftcard-category?post=4668"}],"curies":[{"name":"wp","href":"https:\/\/api.w.org\/{rel}","templated":true}]}}