{"id":10277,"date":"2026-02-25T18:09:54","date_gmt":"2026-02-25T18:09:54","guid":{"rendered":"http:\/\/mariaherreraoficial.com\/?page_id=10277"},"modified":"2026-03-12T11:06:44","modified_gmt":"2026-03-12T11:06:44","slug":"horizonte-interior","status":"publish","type":"page","link":"http:\/\/mariaherreraoficial.com\/en\/horizonte-interior","title":{"rendered":""},"content":{"rendered":"<div class=\"wp-block-image\"><figure class=\"alignleft size-large is-resized\"><img loading=\"lazy\" decoding=\"async\" width=\"683\" height=\"1024\" src=\"http:\/\/mariaherreraoficial.com\/wp-content\/uploads\/2026\/03\/WhatsApp-Image-2026-03-09-at-19.01.39-3-683x1024.jpeg\" alt=\"\" class=\"wp-image-10392\" style=\"aspect-ratio:0.6670035371399696;width:414px;height:auto\" srcset=\"http:\/\/mariaherreraoficial.com\/wp-content\/uploads\/2026\/03\/WhatsApp-Image-2026-03-09-at-19.01.39-3-683x1024.jpeg 683w, http:\/\/mariaherreraoficial.com\/wp-content\/uploads\/2026\/03\/WhatsApp-Image-2026-03-09-at-19.01.39-3-200x300.jpeg 200w, http:\/\/mariaherreraoficial.com\/wp-content\/uploads\/2026\/03\/WhatsApp-Image-2026-03-09-at-19.01.39-3-768x1152.jpeg 768w, http:\/\/mariaherreraoficial.com\/wp-content\/uploads\/2026\/03\/WhatsApp-Image-2026-03-09-at-19.01.39-3-8x12.jpeg 8w, http:\/\/mariaherreraoficial.com\/wp-content\/uploads\/2026\/03\/WhatsApp-Image-2026-03-09-at-19.01.39-3-600x900.jpeg 600w, http:\/\/mariaherreraoficial.com\/wp-content\/uploads\/2026\/03\/WhatsApp-Image-2026-03-09-at-19.01.39-3-40x60.jpeg 40w, http:\/\/mariaherreraoficial.com\/wp-content\/uploads\/2026\/03\/WhatsApp-Image-2026-03-09-at-19.01.39-3-60x90.jpeg 60w, http:\/\/mariaherreraoficial.com\/wp-content\/uploads\/2026\/03\/WhatsApp-Image-2026-03-09-at-19.01.39-3.jpeg 1024w\" sizes=\"auto, (max-width: 683px) 100vw, 683px\" \/><\/figure><\/div><p class=\"has-text-align-left\"><br>Mi nombre es Mar\u00eda Herrera.<\/p><p class=\"has-text-align-left\">Cada obra ser\u00e1 una pieza \u00fanica e irrepetible, creada para formar parte de un espacio especial.<br \/>Espero que encuentre su lugar en vuestros hogares y que pod\u00e1is disfrutar ense\u00f1ando c\u00f3mo cobra vida en ellos.<\/p><div style=\"height:135px\" aria-hidden=\"true\" class=\"wp-block-spacer\"><\/div><h2 class=\"wp-block-heading has-text-align-center\">MIS CUADROS<\/h2><div data-block-name=\"woocommerce\/product-tag\" data-tags=\"[81]\" class=\"wc-block-grid wp-block-product-tag wc-block-product-tag has-3-columns has-multiple-rows alignwide\"><ul class=\"wc-block-grid__products\"><li class=\"wc-block-grid__product\">\n\t\t\t\t<a href=\"http:\/\/mariaherreraoficial.com\/en\/product\/cicatrices-del-amor\" class=\"wc-block-grid__product-link\">\n\t\t\t\t\t\n\t\t\t\t\t<div class=\"wc-block-grid__product-image\"><img loading=\"lazy\" decoding=\"async\" width=\"245\" height=\"245\" src=\"http:\/\/mariaherreraoficial.com\/wp-content\/uploads\/2026\/03\/WhatsApp-Image-2026-03-09-at-19.01.39-2-245x245.jpeg\" class=\"attachment-woocommerce_thumbnail size-woocommerce_thumbnail\" alt=\"CICATRICES DEL AMOR\" srcset=\"http:\/\/mariaherreraoficial.com\/wp-content\/uploads\/2026\/03\/WhatsApp-Image-2026-03-09-at-19.01.39-2-245x245.jpeg 245w, http:\/\/mariaherreraoficial.com\/wp-content\/uploads\/2026\/03\/WhatsApp-Image-2026-03-09-at-19.01.39-2-150x150.jpeg 150w, http:\/\/mariaherreraoficial.com\/wp-content\/uploads\/2026\/03\/WhatsApp-Image-2026-03-09-at-19.01.39-2-100x100.jpeg 100w\" sizes=\"auto, (max-width: 245px) 100vw, 245px\" \/><\/div>\n\t\t\t\t\t<div class=\"wc-block-grid__product-title\">CICATRICES DEL AMOR<\/div>\n\t\t\t\t<\/a>\n\t\t\t\t<div class=\"wc-block-grid__product-price price\"><span class=\"woocommerce-Price-amount amount\">130,00<span class=\"woocommerce-Price-currencySymbol\">&euro;<\/span><\/span><\/div>\n\t\t\t\t\n\t\t\t\t<div class=\"wp-block-button wc-block-grid__product-add-to-cart\"><a href=\"?add-to-cart=10386\" aria-label=\"Add to cart: \u201cCICATRICES DEL AMOR\u201d\" data-quantity=\"1\" data-product_id=\"10386\" data-product_sku=\"\" data-price=\"130\" rel=\"nofollow\" class=\"wp-block-button__link  add_to_cart_button ajax_add_to_cart\" data-no-translation=\"\" data-trp-gettext=\"\" data-no-translation-aria-label=\"\">Add to cart<\/a><\/div>\n\t\t\t<\/li><li class=\"wc-block-grid__product\">\n\t\t\t\t<a href=\"http:\/\/mariaherreraoficial.com\/en\/product\/mirada-de-gato\" class=\"wc-block-grid__product-link\">\n\t\t\t\t\t\n\t\t\t\t\t<div class=\"wc-block-grid__product-image\"><img loading=\"lazy\" decoding=\"async\" width=\"245\" height=\"245\" src=\"http:\/\/mariaherreraoficial.com\/wp-content\/uploads\/2026\/03\/WhatsApp-Image-2026-03-09-at-19.01.39-1-245x245.jpeg\" class=\"attachment-woocommerce_thumbnail size-woocommerce_thumbnail\" alt=\"MIRADA DE GATO\" srcset=\"http:\/\/mariaherreraoficial.com\/wp-content\/uploads\/2026\/03\/WhatsApp-Image-2026-03-09-at-19.01.39-1-245x245.jpeg 245w, http:\/\/mariaherreraoficial.com\/wp-content\/uploads\/2026\/03\/WhatsApp-Image-2026-03-09-at-19.01.39-1-150x150.jpeg 150w, http:\/\/mariaherreraoficial.com\/wp-content\/uploads\/2026\/03\/WhatsApp-Image-2026-03-09-at-19.01.39-1-100x100.jpeg 100w\" sizes=\"auto, (max-width: 245px) 100vw, 245px\" \/><\/div>\n\t\t\t\t\t<div class=\"wc-block-grid__product-title\">MIRADA DE GATO<\/div>\n\t\t\t\t<\/a>\n\t\t\t\t<div class=\"wc-block-grid__product-price price\"><span class=\"woocommerce-Price-amount amount\">90,00<span class=\"woocommerce-Price-currencySymbol\">&euro;<\/span><\/span><\/div>\n\t\t\t\t\n\t\t\t\t<div class=\"wp-block-button wc-block-grid__product-add-to-cart\"><a href=\"?add-to-cart=10384\" aria-label=\"Add to cart: \u201cMIRADA DE GATO\u201d\" data-quantity=\"1\" data-product_id=\"10384\" data-product_sku=\"\" data-price=\"90\" rel=\"nofollow\" class=\"wp-block-button__link  add_to_cart_button ajax_add_to_cart\" data-no-translation=\"\" data-trp-gettext=\"\" data-no-translation-aria-label=\"\">Add to cart<\/a><\/div>\n\t\t\t<\/li><li class=\"wc-block-grid__product\">\n\t\t\t\t<a href=\"http:\/\/mariaherreraoficial.com\/en\/product\/la-dama-del-silencio\" class=\"wc-block-grid__product-link\">\n\t\t\t\t\t\n\t\t\t\t\t<div class=\"wc-block-grid__product-image\"><img loading=\"lazy\" decoding=\"async\" width=\"245\" height=\"245\" src=\"http:\/\/mariaherreraoficial.com\/wp-content\/uploads\/2026\/03\/WhatsApp-Image-2026-03-09-at-19.01.39-245x245.jpeg\" class=\"attachment-woocommerce_thumbnail size-woocommerce_thumbnail\" alt=\"LA DAMA DEL SILENCIO\" srcset=\"http:\/\/mariaherreraoficial.com\/wp-content\/uploads\/2026\/03\/WhatsApp-Image-2026-03-09-at-19.01.39-245x245.jpeg 245w, http:\/\/mariaherreraoficial.com\/wp-content\/uploads\/2026\/03\/WhatsApp-Image-2026-03-09-at-19.01.39-150x150.jpeg 150w, http:\/\/mariaherreraoficial.com\/wp-content\/uploads\/2026\/03\/WhatsApp-Image-2026-03-09-at-19.01.39-100x100.jpeg 100w\" sizes=\"auto, (max-width: 245px) 100vw, 245px\" \/><\/div>\n\t\t\t\t\t<div class=\"wc-block-grid__product-title\">LA DAMA DEL SILENCIO<\/div>\n\t\t\t\t<\/a>\n\t\t\t\t<div class=\"wc-block-grid__product-price price\"><span class=\"woocommerce-Price-amount amount\">140,00<span class=\"woocommerce-Price-currencySymbol\">&euro;<\/span><\/span><\/div>\n\t\t\t\t\n\t\t\t\t<div class=\"wp-block-button wc-block-grid__product-add-to-cart\"><a href=\"?add-to-cart=10380\" aria-label=\"Add to cart: \u201cLA DAMA DEL SILENCIO\u201d\" data-quantity=\"1\" data-product_id=\"10380\" data-product_sku=\"\" data-price=\"140\" rel=\"nofollow\" class=\"wp-block-button__link  add_to_cart_button ajax_add_to_cart\" data-no-translation=\"\" data-trp-gettext=\"\" data-no-translation-aria-label=\"\">Add to cart<\/a><\/div>\n\t\t\t<\/li><li class=\"wc-block-grid__product\">\n\t\t\t\t<a href=\"http:\/\/mariaherreraoficial.com\/en\/product\/horizonte-interior\" class=\"wc-block-grid__product-link\">\n\t\t\t\t\t\n\t\t\t\t\t<div class=\"wc-block-grid__product-image\"><img loading=\"lazy\" decoding=\"async\" width=\"245\" height=\"245\" src=\"http:\/\/mariaherreraoficial.com\/wp-content\/uploads\/2026\/02\/EL-HORIZONTE-INTERIOR-245x245.jpeg\" class=\"attachment-woocommerce_thumbnail size-woocommerce_thumbnail\" alt=\"EL HORIZONTE INTERIOR\" srcset=\"http:\/\/mariaherreraoficial.com\/wp-content\/uploads\/2026\/02\/EL-HORIZONTE-INTERIOR-245x245.jpeg 245w, http:\/\/mariaherreraoficial.com\/wp-content\/uploads\/2026\/02\/EL-HORIZONTE-INTERIOR-150x150.jpeg 150w, http:\/\/mariaherreraoficial.com\/wp-content\/uploads\/2026\/02\/EL-HORIZONTE-INTERIOR-100x100.jpeg 100w\" sizes=\"auto, (max-width: 245px) 100vw, 245px\" \/><\/div>\n\t\t\t\t\t<div class=\"wc-block-grid__product-title\">EL HORIZONTE INTERIOR<\/div>\n\t\t\t\t<\/a>\n\t\t\t\t<div class=\"wc-block-grid__product-price price\"><span class=\"woocommerce-Price-amount amount\">150,00<span class=\"woocommerce-Price-currencySymbol\">&euro;<\/span><\/span><\/div>\n\t\t\t\t\n\t\t\t\t<div class=\"wp-block-button wc-block-grid__product-add-to-cart\"><a href=\"?add-to-cart=10288\" aria-label=\"Add to cart: \u201cEL HORIZONTE INTERIOR\u201d\" data-quantity=\"1\" data-product_id=\"10288\" data-product_sku=\"\" data-price=\"150\" rel=\"nofollow\" class=\"wp-block-button__link  add_to_cart_button ajax_add_to_cart\" data-no-translation=\"\" data-trp-gettext=\"\" data-no-translation-aria-label=\"\">Add to cart<\/a><\/div>\n\t\t\t<\/li><\/ul><\/div>","protected":false},"excerpt":{"rendered":"<p>Mi nombre es Mar\u00eda Herrera. Cada obra ser\u00e1 una pieza \u00fanica e irrepetible, creada para formar parte de un espacio especial.Espero que encuentre su lugar en vuestros hogares y que pod\u00e1is disfrutar ense\u00f1ando c\u00f3mo cobra vida en ellos. MIS CUADROS<\/p>","protected":false},"author":1,"featured_media":10279,"parent":0,"menu_order":0,"comment_status":"closed","ping_status":"closed","template":"","meta":{"jetpack_post_was_ever_published":false,"footnotes":""},"class_list":["post-10277","page","type-page","status-publish","has-post-thumbnail","hentry","entry"],"jetpack_sharing_enabled":true,"jetpack_shortlink":"https:\/\/wp.me\/Patwum-2FL","_links":{"self":[{"href":"http:\/\/mariaherreraoficial.com\/en\/wp-json\/wp\/v2\/pages\/10277","targetHints":{"allow":["GET"]}}],"collection":[{"href":"http:\/\/mariaherreraoficial.com\/en\/wp-json\/wp\/v2\/pages"}],"about":[{"href":"http:\/\/mariaherreraoficial.com\/en\/wp-json\/wp\/v2\/types\/page"}],"author":[{"embeddable":true,"href":"http:\/\/mariaherreraoficial.com\/en\/wp-json\/wp\/v2\/users\/1"}],"replies":[{"embeddable":true,"href":"http:\/\/mariaherreraoficial.com\/en\/wp-json\/wp\/v2\/comments?post=10277"}],"version-history":[{"count":17,"href":"http:\/\/mariaherreraoficial.com\/en\/wp-json\/wp\/v2\/pages\/10277\/revisions"}],"predecessor-version":[{"id":10400,"href":"http:\/\/mariaherreraoficial.com\/en\/wp-json\/wp\/v2\/pages\/10277\/revisions\/10400"}],"wp:featuredmedia":[{"embeddable":true,"href":"http:\/\/mariaherreraoficial.com\/en\/wp-json\/wp\/v2\/media\/10279"}],"wp:attachment":[{"href":"http:\/\/mariaherreraoficial.com\/en\/wp-json\/wp\/v2\/media?parent=10277"}],"curies":[{"name":"wp","href":"https:\/\/api.w.org\/{rel}","templated":true}]}}